{"id":704,"date":"2022-09-14T10:30:39","date_gmt":"2022-09-14T08:30:39","guid":{"rendered":"https:\/\/3ag-recyclage.fr\/?page_id=704"},"modified":"2022-09-14T10:34:09","modified_gmt":"2022-09-14T08:34:09","slug":"mentions-legales","status":"publish","type":"page","link":"https:\/\/3ag-recyclage.fr\/index.php\/mentions-legales\/","title":{"rendered":"Mentions L\u00e9gales"},"content":{"rendered":"\t\t<div data-elementor-type=\"wp-page\" data-elementor-id=\"704\" class=\"elementor elementor-704\" data-elementor-settings=\"{&quot;ha_cmc_init_switcher&quot;:&quot;no&quot;}\" data-elementor-post-type=\"page\">\n\t\t\t\t\t\t<section class=\"elementor-section elementor-top-section elementor-element elementor-element-dc97ed2 elementor-section-boxed elementor-section-height-default elementor-section-height-default\" data-id=\"dc97ed2\" data-element_type=\"section\" data-settings=\"{&quot;_ha_eqh_enable&quot;:false}\">\n\t\t\t\t\t\t<div class=\"elementor-container elementor-column-gap-default\">\n\t\t\t\t\t<div class=\"elementor-column elementor-col-100 elementor-top-column elementor-element elementor-element-57cbc0a\" data-id=\"57cbc0a\" data-element_type=\"column\">\n\t\t\t<div class=\"elementor-widget-wrap elementor-element-populated\">\n\t\t\t\t\t\t<div class=\"elementor-element elementor-element-01de8f3 elementor-widget elementor-widget-heading\" data-id=\"01de8f3\" data-element_type=\"widget\" data-widget_type=\"heading.default\">\n\t\t\t\t<div class=\"elementor-widget-container\">\n\t\t\t\t\t<h2 class=\"elementor-heading-title elementor-size-default\"><h2 data-elementor-setting-key=\"title\" data-pen-placeholder=\"\u00c9crivez ici...\" style=\"font-variant-ligatures: normal; font-variant-caps: normal; font-family: Lato, sans-serif; font-size: 28px; font-style: normal; color: var( --e-global-color-5ae0a0f ); letter-spacing: 0.2px; text-align: center;\">Mentions L\u00e9gales<\/h2><\/h2>\t\t\t\t<\/div>\n\t\t\t\t<\/div>\n\t\t\t\t\t<\/div>\n\t\t<\/div>\n\t\t\t\t\t<\/div>\n\t\t<\/section>\n\t\t\t\t<section class=\"elementor-section elementor-top-section elementor-element elementor-element-5f35355 elementor-section-boxed elementor-section-height-default elementor-section-height-default\" data-id=\"5f35355\" data-element_type=\"section\" data-settings=\"{&quot;_ha_eqh_enable&quot;:false}\">\n\t\t\t\t\t\t<div class=\"elementor-container elementor-column-gap-default\">\n\t\t\t\t\t<div class=\"elementor-column elementor-col-100 elementor-top-column elementor-element elementor-element-210ad7b\" data-id=\"210ad7b\" data-element_type=\"column\">\n\t\t\t<div class=\"elementor-widget-wrap elementor-element-populated\">\n\t\t\t\t\t\t<div class=\"elementor-element elementor-element-524e455 elementor-widget elementor-widget-text-editor\" data-id=\"524e455\" data-element_type=\"widget\" data-widget_type=\"text-editor.default\">\n\t\t\t\t<div class=\"elementor-widget-container\">\n\t\t\t\t\t\t\t\t\t<p>Information \u00e9diteur<br \/>Le site 3AGrecyclage\u00a9 est \u00e9dit\u00e9 par la soci\u00e9t\u00e9 Consulteam.<\/p><p>Adresse du si\u00e8ge social : 2 Route de La Seyne \u2013 83140 SIX-FOURS-LES-PLAGES \u2013 FRANCE<br \/>T\u00e9l. : + 33 (0) 4 94 62 24 84<\/p><p>SIREN : 519631360 \u2013 RCS Toulon \u2013 TVA intracomm FR11519631360<\/p><p>\u00c9diteur du site<br \/>Ce site est \u00e9dit\u00e9 par Consulteam.<\/p><p>Droits d\u2019auteur \u2013 copyrights<br \/>L\u2019ensemble de ce site rel\u00e8ve de la l\u00e9gislation fran\u00e7aise et internationale sur le droit d\u2019auteur et la propri\u00e9t\u00e9 intellectuelle. Tous droits de reproduction sont r\u00e9serv\u00e9s, y compris pour les repr\u00e9sentations iconographiques et photographiques. La reproduction de tout ou partie de ce site sur un support quel qu\u2019il soit est formellement interdite.<\/p><p>H\u00e9bergement<br \/>Ce site est h\u00e9berg\u00e9 par OVH \u2013 2 Rue Kellermann \u2013 59100 ROUBAIX \u2013 FRANCE<\/p>\t\t\t\t\t\t\t\t<\/div>\n\t\t\t\t<\/div>\n\t\t\t\t\t<\/div>\n\t\t<\/div>\n\t\t\t\t\t<\/div>\n\t\t<\/section>\n\t\t\t\t<\/div>\n\t\t","protected":false},"excerpt":{"rendered":"<p>Mentions L\u00e9gales Information \u00e9diteurLe site 3AGrecyclage\u00a9 est \u00e9dit\u00e9 par la soci\u00e9t\u00e9 Consulteam. Adresse du si\u00e8ge social : 2 Route de La Seyne \u2013 83140 SIX-FOURS-LES-PLAGES \u2013 FRANCET\u00e9l. : + 33 (0) 4 94 62 24 84 SIREN : 519631360 \u2013 RCS Toulon \u2013 TVA intracomm FR11519631360 \u00c9diteur du siteCe site est \u00e9dit\u00e9 par Consulteam. Droits [&hellip;]<\/p>\n","protected":false},"author":1,"featured_media":0,"parent":0,"menu_order":0,"comment_status":"closed","ping_status":"closed","template":"","meta":{"ocean_post_layout":"","ocean_both_sidebars_style":"","ocean_both_sidebars_content_width":0,"ocean_both_sidebars_sidebars_width":0,"ocean_sidebar":"0","ocean_second_sidebar":"0","ocean_disable_margins":"enable","ocean_add_body_class":"","ocean_shortcode_before_top_bar":"","ocean_shortcode_after_top_bar":"","ocean_shortcode_before_header":"","ocean_shortcode_after_header":"","ocean_has_shortcode":"","ocean_shortcode_after_title":"","ocean_shortcode_before_footer_widgets":"","ocean_shortcode_after_footer_widgets":"","ocean_shortcode_before_footer_bottom":"","ocean_shortcode_after_footer_bottom":"","ocean_display_top_bar":"default","ocean_display_header":"default","ocean_header_style":"","ocean_center_header_left_menu":"0","ocean_custom_header_template":"0","ocean_custom_logo":0,"ocean_custom_retina_logo":0,"ocean_custom_logo_max_width":0,"ocean_custom_logo_tablet_max_width":0,"ocean_custom_logo_mobile_max_width":0,"ocean_custom_logo_max_height":0,"ocean_custom_logo_tablet_max_height":0,"ocean_custom_logo_mobile_max_height":0,"ocean_header_custom_menu":"0","ocean_menu_typo_font_family":"0","ocean_menu_typo_font_subset":"","ocean_menu_typo_font_size":0,"ocean_menu_typo_font_size_tablet":0,"ocean_menu_typo_font_size_mobile":0,"ocean_menu_typo_font_size_unit":"px","ocean_menu_typo_font_weight":"","ocean_menu_typo_font_weight_tablet":"","ocean_menu_typo_font_weight_mobile":"","ocean_menu_typo_transform":"","ocean_menu_typo_transform_tablet":"","ocean_menu_typo_transform_mobile":"","ocean_menu_typo_line_height":0,"ocean_menu_typo_line_height_tablet":0,"ocean_menu_typo_line_height_mobile":0,"ocean_menu_typo_line_height_unit":"","ocean_menu_typo_spacing":0,"ocean_menu_typo_spacing_tablet":0,"ocean_menu_typo_spacing_mobile":0,"ocean_menu_typo_spacing_unit":"","ocean_menu_link_color":"","ocean_menu_link_color_hover":"","ocean_menu_link_color_active":"","ocean_menu_link_background":"","ocean_menu_link_hover_background":"","ocean_menu_link_active_background":"","ocean_menu_social_links_bg":"","ocean_menu_social_hover_links_bg":"","ocean_menu_social_links_color":"","ocean_menu_social_hover_links_color":"","ocean_disable_title":"default","ocean_disable_heading":"default","ocean_post_title":"","ocean_post_subheading":"","ocean_post_title_style":"","ocean_post_title_background_color":"","ocean_post_title_background":0,"ocean_post_title_bg_image_position":"","ocean_post_title_bg_image_attachment":"","ocean_post_title_bg_image_repeat":"","ocean_post_title_bg_image_size":"","ocean_post_title_height":0,"ocean_post_title_bg_overlay":0.5,"ocean_post_title_bg_overlay_color":"","ocean_disable_breadcrumbs":"default","ocean_breadcrumbs_color":"","ocean_breadcrumbs_separator_color":"","ocean_breadcrumbs_links_color":"","ocean_breadcrumbs_links_hover_color":"","ocean_display_footer_widgets":"default","ocean_display_footer_bottom":"default","ocean_custom_footer_template":"0","footnotes":""},"class_list":["post-704","page","type-page","status-publish","hentry","entry"],"yoast_head":"<!-- This site is optimized with the Yoast SEO plugin v25.0 - https:\/\/yoast.com\/wordpress\/plugins\/seo\/ -->\n<title>Mentions L\u00e9gales - 3AG RECYCLAGE<\/title>\n<meta name=\"robots\" content=\"index, follow, max-snippet:-1, max-image-preview:large, max-video-preview:-1\" \/>\n<link rel=\"canonical\" href=\"https:\/\/3ag-recyclage.fr\/index.php\/mentions-legales\/\" \/>\n<meta property=\"og:locale\" content=\"fr_FR\" \/>\n<meta property=\"og:type\" content=\"article\" \/>\n<meta property=\"og:title\" content=\"Mentions L\u00e9gales - 3AG RECYCLAGE\" \/>\n<meta property=\"og:description\" content=\"Mentions L\u00e9gales Information \u00e9diteurLe site 3AGrecyclage\u00a9 est \u00e9dit\u00e9 par la soci\u00e9t\u00e9 Consulteam. Adresse du si\u00e8ge social : 2 Route de La Seyne \u2013 83140 SIX-FOURS-LES-PLAGES \u2013 FRANCET\u00e9l. : + 33 (0) 4 94 62 24 84 SIREN : 519631360 \u2013 RCS Toulon \u2013 TVA intracomm FR11519631360 \u00c9diteur du siteCe site est \u00e9dit\u00e9 par Consulteam. Droits [&hellip;]\" \/>\n<meta property=\"og:url\" content=\"https:\/\/3ag-recyclage.fr\/index.php\/mentions-legales\/\" \/>\n<meta property=\"og:site_name\" content=\"3AG RECYCLAGE\" \/>\n<meta property=\"article:publisher\" content=\"https:\/\/www.facebook.com\/profile.php?id=100028486766872\" \/>\n<meta property=\"article:modified_time\" content=\"2022-09-14T08:34:09+00:00\" \/>\n<meta property=\"og:image\" content=\"https:\/\/i0.wp.com\/3ag-recyclage.fr\/wp-content\/uploads\/2022\/08\/Logo-3Ag-recyclage.png?fit=1080%2C1080&ssl=1\" \/>\n\t<meta property=\"og:image:width\" content=\"1080\" \/>\n\t<meta property=\"og:image:height\" content=\"1080\" \/>\n\t<meta property=\"og:image:type\" content=\"image\/png\" \/>\n<meta name=\"twitter:card\" content=\"summary_large_image\" \/>\n<meta name=\"twitter:label1\" content=\"Dur\u00e9e de lecture estim\u00e9e\" \/>\n\t<meta name=\"twitter:data1\" content=\"1 minute\" \/>\n<script type=\"application\/ld+json\" class=\"yoast-schema-graph\">{\"@context\":\"https:\/\/schema.org\",\"@graph\":[{\"@type\":\"WebPage\",\"@id\":\"https:\/\/3ag-recyclage.fr\/index.php\/mentions-legales\/\",\"url\":\"https:\/\/3ag-recyclage.fr\/index.php\/mentions-legales\/\",\"name\":\"Mentions L\u00e9gales - 3AG RECYCLAGE\",\"isPartOf\":{\"@id\":\"https:\/\/3ag-recyclage.fr\/#website\"},\"datePublished\":\"2022-09-14T08:30:39+00:00\",\"dateModified\":\"2022-09-14T08:34:09+00:00\",\"breadcrumb\":{\"@id\":\"https:\/\/3ag-recyclage.fr\/index.php\/mentions-legales\/#breadcrumb\"},\"inLanguage\":\"fr-FR\",\"potentialAction\":[{\"@type\":\"ReadAction\",\"target\":[\"https:\/\/3ag-recyclage.fr\/index.php\/mentions-legales\/\"]}]},{\"@type\":\"BreadcrumbList\",\"@id\":\"https:\/\/3ag-recyclage.fr\/index.php\/mentions-legales\/#breadcrumb\",\"itemListElement\":[{\"@type\":\"ListItem\",\"position\":1,\"name\":\"Accueil\",\"item\":\"https:\/\/3ag-recyclage.fr\/\"},{\"@type\":\"ListItem\",\"position\":2,\"name\":\"Mentions L\u00e9gales\"}]},{\"@type\":\"WebSite\",\"@id\":\"https:\/\/3ag-recyclage.fr\/#website\",\"url\":\"https:\/\/3ag-recyclage.fr\/\",\"name\":\"3AG RECYCLAGE\",\"description\":\"3AG Recyclage, quand le d\u00e9chet devient une ressource\",\"publisher\":{\"@id\":\"https:\/\/3ag-recyclage.fr\/#organization\"},\"alternateName\":\"3AG Recyclage\",\"potentialAction\":[{\"@type\":\"SearchAction\",\"target\":{\"@type\":\"EntryPoint\",\"urlTemplate\":\"https:\/\/3ag-recyclage.fr\/?s={search_term_string}\"},\"query-input\":{\"@type\":\"PropertyValueSpecification\",\"valueRequired\":true,\"valueName\":\"search_term_string\"}}],\"inLanguage\":\"fr-FR\"},{\"@type\":\"Organization\",\"@id\":\"https:\/\/3ag-recyclage.fr\/#organization\",\"name\":\"3AG Recyclage\",\"alternateName\":\"3AG Recyclage\",\"url\":\"https:\/\/3ag-recyclage.fr\/\",\"logo\":{\"@type\":\"ImageObject\",\"inLanguage\":\"fr-FR\",\"@id\":\"https:\/\/3ag-recyclage.fr\/#\/schema\/logo\/image\/\",\"url\":\"https:\/\/i0.wp.com\/3ag-recyclage.fr\/wp-content\/uploads\/2024\/03\/cropped-3AG-LOGO-10ANS.png?fit=1080%2C1080&ssl=1\",\"contentUrl\":\"https:\/\/i0.wp.com\/3ag-recyclage.fr\/wp-content\/uploads\/2024\/03\/cropped-3AG-LOGO-10ANS.png?fit=1080%2C1080&ssl=1\",\"width\":1080,\"height\":1080,\"caption\":\"3AG Recyclage\"},\"image\":{\"@id\":\"https:\/\/3ag-recyclage.fr\/#\/schema\/logo\/image\/\"},\"sameAs\":[\"https:\/\/www.facebook.com\/profile.php?id=100028486766872\",\"https:\/\/www.linkedin.com\/in\/sas-3agrecyclage-707785252\/\"]}]}<\/script>\n<!-- \/ Yoast SEO plugin. -->","yoast_head_json":{"title":"Mentions L\u00e9gales - 3AG RECYCLAGE","robots":{"index":"index","follow":"follow","max-snippet":"max-snippet:-1","max-image-preview":"max-image-preview:large","max-video-preview":"max-video-preview:-1"},"canonical":"https:\/\/3ag-recyclage.fr\/index.php\/mentions-legales\/","og_locale":"fr_FR","og_type":"article","og_title":"Mentions L\u00e9gales - 3AG RECYCLAGE","og_description":"Mentions L\u00e9gales Information \u00e9diteurLe site 3AGrecyclage\u00a9 est \u00e9dit\u00e9 par la soci\u00e9t\u00e9 Consulteam. Adresse du si\u00e8ge social : 2 Route de La Seyne \u2013 83140 SIX-FOURS-LES-PLAGES \u2013 FRANCET\u00e9l. : + 33 (0) 4 94 62 24 84 SIREN : 519631360 \u2013 RCS Toulon \u2013 TVA intracomm FR11519631360 \u00c9diteur du siteCe site est \u00e9dit\u00e9 par Consulteam. Droits [&hellip;]","og_url":"https:\/\/3ag-recyclage.fr\/index.php\/mentions-legales\/","og_site_name":"3AG RECYCLAGE","article_publisher":"https:\/\/www.facebook.com\/profile.php?id=100028486766872","article_modified_time":"2022-09-14T08:34:09+00:00","og_image":[{"width":1080,"height":1080,"url":"https:\/\/i0.wp.com\/3ag-recyclage.fr\/wp-content\/uploads\/2022\/08\/Logo-3Ag-recyclage.png?fit=1080%2C1080&ssl=1","type":"image\/png"}],"twitter_card":"summary_large_image","twitter_misc":{"Dur\u00e9e de lecture estim\u00e9e":"1 minute"},"schema":{"@context":"https:\/\/schema.org","@graph":[{"@type":"WebPage","@id":"https:\/\/3ag-recyclage.fr\/index.php\/mentions-legales\/","url":"https:\/\/3ag-recyclage.fr\/index.php\/mentions-legales\/","name":"Mentions L\u00e9gales - 3AG RECYCLAGE","isPartOf":{"@id":"https:\/\/3ag-recyclage.fr\/#website"},"datePublished":"2022-09-14T08:30:39+00:00","dateModified":"2022-09-14T08:34:09+00:00","breadcrumb":{"@id":"https:\/\/3ag-recyclage.fr\/index.php\/mentions-legales\/#breadcrumb"},"inLanguage":"fr-FR","potentialAction":[{"@type":"ReadAction","target":["https:\/\/3ag-recyclage.fr\/index.php\/mentions-legales\/"]}]},{"@type":"BreadcrumbList","@id":"https:\/\/3ag-recyclage.fr\/index.php\/mentions-legales\/#breadcrumb","itemListElement":[{"@type":"ListItem","position":1,"name":"Accueil","item":"https:\/\/3ag-recyclage.fr\/"},{"@type":"ListItem","position":2,"name":"Mentions L\u00e9gales"}]},{"@type":"WebSite","@id":"https:\/\/3ag-recyclage.fr\/#website","url":"https:\/\/3ag-recyclage.fr\/","name":"3AG RECYCLAGE","description":"3AG Recyclage, quand le d\u00e9chet devient une ressource","publisher":{"@id":"https:\/\/3ag-recyclage.fr\/#organization"},"alternateName":"3AG Recyclage","potentialAction":[{"@type":"SearchAction","target":{"@type":"EntryPoint","urlTemplate":"https:\/\/3ag-recyclage.fr\/?s={search_term_string}"},"query-input":{"@type":"PropertyValueSpecification","valueRequired":true,"valueName":"search_term_string"}}],"inLanguage":"fr-FR"},{"@type":"Organization","@id":"https:\/\/3ag-recyclage.fr\/#organization","name":"3AG Recyclage","alternateName":"3AG Recyclage","url":"https:\/\/3ag-recyclage.fr\/","logo":{"@type":"ImageObject","inLanguage":"fr-FR","@id":"https:\/\/3ag-recyclage.fr\/#\/schema\/logo\/image\/","url":"https:\/\/i0.wp.com\/3ag-recyclage.fr\/wp-content\/uploads\/2024\/03\/cropped-3AG-LOGO-10ANS.png?fit=1080%2C1080&ssl=1","contentUrl":"https:\/\/i0.wp.com\/3ag-recyclage.fr\/wp-content\/uploads\/2024\/03\/cropped-3AG-LOGO-10ANS.png?fit=1080%2C1080&ssl=1","width":1080,"height":1080,"caption":"3AG Recyclage"},"image":{"@id":"https:\/\/3ag-recyclage.fr\/#\/schema\/logo\/image\/"},"sameAs":["https:\/\/www.facebook.com\/profile.php?id=100028486766872","https:\/\/www.linkedin.com\/in\/sas-3agrecyclage-707785252\/"]}]}},"jetpack_sharing_enabled":true,"_links":{"self":[{"href":"https:\/\/3ag-recyclage.fr\/index.php\/wp-json\/wp\/v2\/pages\/704","targetHints":{"allow":["GET"]}}],"collection":[{"href":"https:\/\/3ag-recyclage.fr\/index.php\/wp-json\/wp\/v2\/pages"}],"about":[{"href":"https:\/\/3ag-recyclage.fr\/index.php\/wp-json\/wp\/v2\/types\/page"}],"author":[{"embeddable":true,"href":"https:\/\/3ag-recyclage.fr\/index.php\/wp-json\/wp\/v2\/users\/1"}],"replies":[{"embeddable":true,"href":"https:\/\/3ag-recyclage.fr\/index.php\/wp-json\/wp\/v2\/comments?post=704"}],"version-history":[{"count":1,"href":"https:\/\/3ag-recyclage.fr\/index.php\/wp-json\/wp\/v2\/pages\/704\/revisions"}],"predecessor-version":[{"id":1699,"href":"https:\/\/3ag-recyclage.fr\/index.php\/wp-json\/wp\/v2\/pages\/704\/revisions\/1699"}],"wp:attachment":[{"href":"https:\/\/3ag-recyclage.fr\/index.php\/wp-json\/wp\/v2\/media?parent=704"}],"curies":[{"name":"wp","href":"https:\/\/api.w.org\/{rel}","templated":true}]}}